{"id":2,"date":"2020-12-21T09:59:24","date_gmt":"2020-12-21T09:59:24","guid":{"rendered":"https:\/\/trends.softskillsmedag.ch\/?page_id=2"},"modified":"2021-06-17T07:29:43","modified_gmt":"2021-06-17T07:29:43","slug":"sample-page","status":"publish","type":"page","link":"https:\/\/trends.softskillsmedag.ch\/index.php\/sample-page\/","title":{"rendered":"Vom Ladenregal in den Onlineshop-Cart!"},"content":{"rendered":"<p>Klicken, kaufen, per Post geliefert bekommen ist inzwischen eine Selbstverst\u00e4ndtlichkeit.<br \/>\nDer Berg an scheinbar un\u00fcberwindbaren Schwierigkeiten, eine Onlinepr\u00e4senz zu werden, kann f\u00fcr Gesch\u00e4fter alter Schule hoch sein.<\/p>\n<p><strong>Lassen Sie uns helfen!<\/strong><br \/>\nWir schauen uns gemeinsam Ihre individuelle Situation an und finden eine L\u00f6sung, die finanziell im Rahmen liegt.<\/p>\n<p>Wie sagte Grossvater immer so sch\u00f6n: wenn Du Dir eine teure Brieftasche kaufst, hast Du nichts mehr zum reintun.<\/p>\n<p>Wir sind und bleiben an Ihrer Seite bis Sie Ihr &#8222;Oline-Shop-Baby&#8220; komplett im Griff haben und selbst betreuen k\u00f6nnen.<br \/>\n<strong>Keine ewig w\u00e4hrender Kostenfaktor!<\/strong><br \/>\n<strong>Wir bieten Hilfe zur Selbsthilfe.<\/strong><br \/>\nSelbstverst\u00e4ndtlich sind wir immer f\u00fcr Sie erreichbar und f\u00fcr Sie da, wenn Sie zu einem sp\u00e4teren Zeitpunkt Fragen haben oder unsere Hilfe m\u00f6chten.<\/p>\n<p><strong>Vereibaren wir einen Termin!<\/strong> office@softskillsmedag.ch<\/p>\n<p>&nbsp;<\/p>\n","protected":false},"excerpt":{"rendered":"<p>Klicken, kaufen, per Post geliefert bekommen ist inzwischen eine Selbstverst\u00e4ndtlichkeit. Der Berg an scheinbar un\u00fcberwindbaren Schwierigkeiten, eine Onlinepr\u00e4senz zu werden, kann f\u00fcr Gesch\u00e4fter alter Schule hoch sein. Lassen Sie uns helfen! Wir schauen uns gemeinsam Ihre individuelle Situation an und finden eine L\u00f6sung, die finanziell im Rahmen liegt. Wie sagte Grossvater immer so sch\u00f6n: wenn &hellip; <a href=\"https:\/\/trends.softskillsmedag.ch\/index.php\/sample-page\/\" class=\"more-link\"><span class=\"screen-reader-text\">\u201eVom Ladenregal in den Onlineshop-Cart!\u201c <\/span>weiterlesen<\/a><\/p>\n","protected":false},"author":1,"featured_media":0,"parent":0,"menu_order":0,"comment_status":"closed","ping_status":"open","template":"","meta":{"footnotes":""},"class_list":["post-2","page","type-page","status-publish","hentry"],"_links":{"self":[{"href":"https:\/\/trends.softskillsmedag.ch\/index.php\/wp-json\/wp\/v2\/pages\/2","targetHints":{"allow":["GET"]}}],"collection":[{"href":"https:\/\/trends.softskillsmedag.ch\/index.php\/wp-json\/wp\/v2\/pages"}],"about":[{"href":"https:\/\/trends.softskillsmedag.ch\/index.php\/wp-json\/wp\/v2\/types\/page"}],"author":[{"embeddable":true,"href":"https:\/\/trends.softskillsmedag.ch\/index.php\/wp-json\/wp\/v2\/users\/1"}],"replies":[{"embeddable":true,"href":"https:\/\/trends.softskillsmedag.ch\/index.php\/wp-json\/wp\/v2\/comments?post=2"}],"version-history":[{"count":3,"href":"https:\/\/trends.softskillsmedag.ch\/index.php\/wp-json\/wp\/v2\/pages\/2\/revisions"}],"predecessor-version":[{"id":21,"href":"https:\/\/trends.softskillsmedag.ch\/index.php\/wp-json\/wp\/v2\/pages\/2\/revisions\/21"}],"wp:attachment":[{"href":"https:\/\/trends.softskillsmedag.ch\/index.php\/wp-json\/wp\/v2\/media?parent=2"}],"curies":[{"name":"wp","href":"https:\/\/api.w.org\/{rel}","templated":true}]}}